{"id":40139,"date":"2023-12-14T04:40:17","date_gmt":"2023-12-14T02:40:17","guid":{"rendered":"https:\/\/mu-sofia.bg\/international-activities\/francophone-activity\/university-agency-of-francophonie\/"},"modified":"2024-01-02T04:51:01","modified_gmt":"2024-01-02T02:51:01","slug":"university-agency-of-francophonie","status":"publish","type":"page","link":"https:\/\/mu-sofia.bg\/en\/international-activities\/francophone-activity\/university-agency-of-francophonie\/","title":{"rendered":"The Francophone University Agency (AUF)"},"content":{"rendered":"\t\t<div data-elementor-type=\"wp-page\" data-elementor-id=\"40139\" class=\"elementor elementor-40139 elementor-4213\" data-elementor-post-type=\"page\">\n\t\t\t\t\t\t<section class=\"elementor-section elementor-top-section elementor-element elementor-element-27b2f541 elementor-section-stretched elementor-section-full_width elementor-section-height-min-height elementor-section-height-default elementor-section-items-middle\" data-id=\"27b2f541\" data-element_type=\"section\" data-settings=\"{&quot;stretch_section&quot;:&quot;section-stretched&quot;,&quot;background_background&quot;:&quot;classic&quot;}\">\n\t\t\t\t\t\t<div class=\"elementor-container elementor-column-gap-no\">\n\t\t\t\t\t<div class=\"elementor-column elementor-col-100 elementor-top-column elementor-element elementor-element-524a0a07\" data-id=\"524a0a07\" data-element_type=\"column\">\n\t\t\t<div class=\"elementor-widget-wrap elementor-element-populated\">\n\t\t\t\t\t\t<div class=\"elementor-element elementor-element-7737dc08 elementor-widget elementor-widget-heading\" data-id=\"7737dc08\" data-element_type=\"widget\" data-widget_type=\"heading.default\">\n\t\t\t\t<div class=\"elementor-widget-container\">\n\t\t\t\t\t<h2 class=\"elementor-heading-title elementor-size-default\">FRANCOPHONE ACTIVITY<\/h2>\t\t\t\t<\/div>\n\t\t\t\t<\/div>\n\t\t\t\t<div class=\"elementor-element elementor-element-7ff9f559 elementor-nav-menu__align-center elementor-nav-menu--dropdown-mobile elementor-nav-menu__text-align-aside elementor-nav-menu--toggle elementor-nav-menu--burger elementor-widget elementor-widget-nav-menu\" data-id=\"7ff9f559\" data-element_type=\"widget\" data-settings=\"{&quot;layout&quot;:&quot;horizontal&quot;,&quot;submenu_icon&quot;:{&quot;value&quot;:&quot;&lt;i class=\\&quot;fas fa-caret-down\\&quot; aria-hidden=\\&quot;true\\&quot;&gt;&lt;\\\/i&gt;&quot;,&quot;library&quot;:&quot;fa-solid&quot;},&quot;toggle&quot;:&quot;burger&quot;}\" data-widget_type=\"nav-menu.default\">\n\t\t\t\t<div class=\"elementor-widget-container\">\n\t\t\t\t\t\t\t\t<nav aria-label=\"Menu\" class=\"elementor-nav-menu--main elementor-nav-menu__container elementor-nav-menu--layout-horizontal e--pointer-underline e--animation-fade\">\n\t\t\t\t<ul id=\"menu-1-7ff9f559\" class=\"elementor-nav-menu\"><li class=\"menu-item menu-item-type-post_type menu-item-object-page menu-item-4216\"><a href=\"https:\/\/mu-sofia.bg\/mezhdunarodna-dejnost\/frankofonska-deinost\/univ-agencia-frankofonia\/\" class=\"elementor-item\">The Francophone University Agency (AUF)<\/a><\/li>\n<\/ul>\t\t\t<\/nav>\n\t\t\t\t\t<div class=\"elementor-menu-toggle\" role=\"button\" tabindex=\"0\" aria-label=\"Menu Toggle\" aria-expanded=\"false\">\n\t\t\t<i aria-hidden=\"true\" role=\"presentation\" class=\"elementor-menu-toggle__icon--open eicon-menu-bar\"><\/i><i aria-hidden=\"true\" role=\"presentation\" class=\"elementor-menu-toggle__icon--close eicon-close\"><\/i>\t\t<\/div>\n\t\t\t\t\t<nav class=\"elementor-nav-menu--dropdown elementor-nav-menu__container\" aria-hidden=\"true\">\n\t\t\t\t<ul id=\"menu-2-7ff9f559\" class=\"elementor-nav-menu\"><li class=\"menu-item menu-item-type-post_type menu-item-object-page menu-item-4216\"><a href=\"https:\/\/mu-sofia.bg\/mezhdunarodna-dejnost\/frankofonska-deinost\/univ-agencia-frankofonia\/\" class=\"elementor-item\" tabindex=\"-1\">The Francophone University Agency (AUF)<\/a><\/li>\n<\/ul>\t\t\t<\/nav>\n\t\t\t\t\t\t<\/div>\n\t\t\t\t<\/div>\n\t\t\t\t\t<\/div>\n\t\t<\/div>\n\t\t\t\t\t<\/div>\n\t\t<\/section>\n\t\t\t\t<section class=\"elementor-section elementor-top-section elementor-element elementor-element-4eaf0549 elementor-section-boxed elementor-section-height-default elementor-section-height-default\" data-id=\"4eaf0549\" data-element_type=\"section\">\n\t\t\t\t\t\t<div class=\"elementor-container elementor-column-gap-default\">\n\t\t\t\t\t<div class=\"elementor-column elementor-col-100 elementor-top-column elementor-element elementor-element-779aa42f\" data-id=\"779aa42f\" data-element_type=\"column\">\n\t\t\t<div class=\"elementor-widget-wrap elementor-element-populated\">\n\t\t\t\t\t\t<div class=\"elementor-element elementor-element-3957f3be elementor-widget elementor-widget-heading\" data-id=\"3957f3be\" data-element_type=\"widget\" data-widget_type=\"heading.default\">\n\t\t\t\t<div class=\"elementor-widget-container\">\n\t\t\t\t\t<h2 class=\"elementor-heading-title elementor-size-default\">UNIVERSITY AGENCY OF FRANCOPHONIE <\/h2>\t\t\t\t<\/div>\n\t\t\t\t<\/div>\n\t\t\t\t\t<\/div>\n\t\t<\/div>\n\t\t\t\t\t<\/div>\n\t\t<\/section>\n\t\t\t\t<section class=\"elementor-section elementor-top-section elementor-element elementor-element-3bd8267 elementor-section-boxed elementor-section-height-default elementor-section-height-default\" data-id=\"3bd8267\" data-element_type=\"section\">\n\t\t\t\t\t\t<div class=\"elementor-container elementor-column-gap-default\">\n\t\t\t\t\t<div class=\"elementor-column elementor-col-100 elementor-top-column elementor-element elementor-element-9ebe876\" data-id=\"9ebe876\" data-element_type=\"column\">\n\t\t\t<div class=\"elementor-widget-wrap elementor-element-populated\">\n\t\t\t\t\t\t<div class=\"elementor-element elementor-element-aba36c2 elementor-widget elementor-widget-text-editor\" data-id=\"aba36c2\" data-element_type=\"widget\" data-widget_type=\"text-editor.default\">\n\t\t\t\t<div class=\"elementor-widget-container\">\n\t\t\t\t\t\t\t\t\t<span style=\"font-weight: 400;\">Medical University &#8211; Sofia has been a member of the University Agency of Francophonie (AUF) since 1994 until now. It is an international association that develops activities exclusively in the field of higher education and scientific research. It has 1007 members (universities, higher schools, institutes, scientific research centers), situated worldwide in 119 countries, 55 of which are member countries of The International Organization of Francophonie (OIF). As such, it represents a unique network of partnerships aimed at the construction and consolidation of a Francophone scientific space, by supporting the institutional projects of member universities, scientific collaboration, research and publications.<\/span>\r\n\r\n<span style=\"font-weight: 400;\">A large number of professors and researchers from MU-Sofia contribute to scientific events, have given lectures at AUF member universities or at Francophone conferences. Until now, our students have most often carried out francophone mobility with a doctoral scholarship and for a professional internship.<\/span><span style=\"font-weight: 400;\">\r\n<\/span><span style=\"font-weight: 400;\">\r\n<\/span><span style=\"font-weight: 400;\">MU-Sofia is involved in the following francophone projects:<\/span>\r\n<ol>\r\n \t<li><span style=\"font-weight: 400;\">&#8220;Outils, usage et pratiques du num\u00e9rique en p\u00e9dagogie&#8221; as part of the initiative Appui \u00e0 la transformation num\u00e9rique des \u00e9tablissements membres en Europe centrale et orientale.<\/span><\/li>\r\n \t<li><span style=\"font-weight: 400;\">Pilot project for the improvement of the institutional framework of academic management and good practices exchange by using benchmarking tools.<\/span><\/li>\r\n \t<li><span style=\"font-weight: 400;\">Joint project with Iuliu Hatieganu University &#8211; Cluj, Romania and the University of Versailles, France, 2011 &#8211; 2013;<\/span><\/li>\r\n \t<li><span style=\"font-weight: 400;\">BECO PROJECT \u2013 multicenter research project, 2011-2013, Department of Internal Medicine, together with partners from Macedonia, Romania and France<\/span><\/li>\r\n \t<li><span style=\"font-weight: 400;\">&#8220;Algorithm for non-invasive diagnosis of steatohepatitis, multicenter prospective study&#8221; University of Cluj-Romania and France, 2010 &#8211; 2012 Department of Internal Medicine of MU-Sofia<\/span><\/li>\r\n<\/ol>\r\nAgence Universitaire de la Francophonie \u2013 <a href=\"https:\/\/www.auf.org\/\" target=\"_blank\" rel=\"noopener\"><img decoding=\"async\" class=\"alignnone size-full wp-image-15361\" src=\"http:\/\/mu-sofia.bg\/wp-content\/uploads\/2020\/07\/AUF1.jpg\" alt=\"\" width=\"50\" height=\"26\" \/><\/a>\r\n\r\n<span style=\"font-weight: 400;\">For Central and Eastern Europe, the address is:<\/span>\r\n\r\n<a href=\"https:\/\/www.auf.org\/europe-centrale-orientale\/\" target=\"_blank\" rel=\"noopener\">Bureau r\u00e9gional pour l\u2019Europe Centrale et Orientale<\/a>\t\t\t\t\t\t\t\t<\/div>\n\t\t\t\t<\/div>\n\t\t\t\t\t<\/div>\n\t\t<\/div>\n\t\t\t\t\t<\/div>\n\t\t<\/section>\n\t\t\t\t<section class=\"elementor-section elementor-top-section elementor-element elementor-element-f9a0037 elementor-section-boxed elementor-section-height-default elementor-section-height-default\" data-id=\"f9a0037\" data-element_type=\"section\">\n\t\t\t\t\t\t<div class=\"elementor-container elementor-column-gap-default\">\n\t\t\t\t\t<div class=\"elementor-column elementor-col-100 elementor-top-column elementor-element elementor-element-8e55f7e\" data-id=\"8e55f7e\" data-element_type=\"column\">\n\t\t\t<div class=\"elementor-widget-wrap elementor-element-populated\">\n\t\t\t\t\t\t<div class=\"elementor-element elementor-element-7e64503 elementor-widget elementor-widget-heading\" data-id=\"7e64503\" data-element_type=\"widget\" data-widget_type=\"heading.default\">\n\t\t\t\t<div class=\"elementor-widget-container\">\n\t\t\t\t\t<h2 class=\"elementor-heading-title elementor-size-default\">SCHOLARSHIPS AND PROJECTS<\/h2>\t\t\t\t<\/div>\n\t\t\t\t<\/div>\n\t\t\t\t\t<\/div>\n\t\t<\/div>\n\t\t\t\t\t<\/div>\n\t\t<\/section>\n\t\t\t\t<\/div>\n\t\t","protected":false},"excerpt":{"rendered":"<p>FRANCOPHONE ACTIVITY UNIVERSITY AGENCY OF FRANCOPHONIE Medical University &#8211; Sofia has been a member of the University Agency of Francophonie (AUF) since 1994 until now. It is an international association that develops activities exclusively in the field of higher education and scientific research. It has 1007 members (universities, higher schools, institutes, scientific research centers), situated [&hellip;]<\/p>\n","protected":false},"author":1,"featured_media":0,"parent":40138,"menu_order":0,"comment_status":"closed","ping_status":"closed","template":"","meta":{"footnotes":""},"class_list":["post-40139","page","type-page","status-publish","hentry","wpbf-post"],"_links":{"self":[{"href":"https:\/\/mu-sofia.bg\/en\/wp-json\/wp\/v2\/pages\/40139","targetHints":{"allow":["GET"]}}],"collection":[{"href":"https:\/\/mu-sofia.bg\/en\/wp-json\/wp\/v2\/pages"}],"about":[{"href":"https:\/\/mu-sofia.bg\/en\/wp-json\/wp\/v2\/types\/page"}],"author":[{"embeddable":true,"href":"https:\/\/mu-sofia.bg\/en\/wp-json\/wp\/v2\/users\/1"}],"replies":[{"embeddable":true,"href":"https:\/\/mu-sofia.bg\/en\/wp-json\/wp\/v2\/comments?post=40139"}],"version-history":[{"count":0,"href":"https:\/\/mu-sofia.bg\/en\/wp-json\/wp\/v2\/pages\/40139\/revisions"}],"up":[{"embeddable":true,"href":"https:\/\/mu-sofia.bg\/en\/wp-json\/wp\/v2\/pages\/40138"}],"wp:attachment":[{"href":"https:\/\/mu-sofia.bg\/en\/wp-json\/wp\/v2\/media?parent=40139"}],"curies":[{"name":"wp","href":"https:\/\/api.w.org\/{rel}","templated":true}]}}